{"id":7,"date":"2022-03-03T08:11:10","date_gmt":"2022-03-03T08:11:10","guid":{"rendered":"http:\/\/www.lukutaidonensiapu.fi\/?page_id=7"},"modified":"2022-03-29T10:35:10","modified_gmt":"2022-03-29T08:35:10","slug":"etusivu","status":"publish","type":"page","link":"https:\/\/www.lukutaidonensiapu.fi\/","title":{"rendered":"Etusivu"},"content":{"rendered":"\n<div class=\"wp-block-cover alignfull is-light\" style=\"min-height:700px\"><span aria-hidden=\"true\" class=\"has-nv-site-bg-background-color has-background-dim-30 wp-block-cover__gradient-background has-background-dim\"><\/span><img decoding=\"async\" loading=\"lazy\" width=\"1366\" height=\"768\" class=\"wp-block-cover__image-background wp-image-305\" alt=\"\" src=\"https:\/\/www.lukutaidonensiapu.fi\/wp-content\/uploads\/2022\/03\/Kirjapino-1.png\" style=\"object-position:63% 15%\" data-object-fit=\"cover\" data-object-position=\"63% 15%\" srcset=\"https:\/\/www.lukutaidonensiapu.fi\/wp-content\/uploads\/2022\/03\/Kirjapino-1.png 1366w, https:\/\/www.lukutaidonensiapu.fi\/wp-content\/uploads\/2022\/03\/Kirjapino-1-300x169.png 300w, https:\/\/www.lukutaidonensiapu.fi\/wp-content\/uploads\/2022\/03\/Kirjapino-1-1024x576.png 1024w, https:\/\/www.lukutaidonensiapu.fi\/wp-content\/uploads\/2022\/03\/Kirjapino-1-768x432.png 768w\" sizes=\"(max-width: 1366px) 100vw, 1366px\" \/><div class=\"wp-block-cover__inner-container\">\n<div style=\"height:80px\" aria-hidden=\"true\" class=\"wp-block-spacer\"><\/div>\n\n\n\n<h1 class=\"has-text-align-center has-text-color wp-block-heading\" style=\"color:#121212\">Lukutaidon ensiapu<\/h1>\n\n\n\n<div class=\"wp-block-buttons is-content-justification-center is-layout-flex wp-container-1\">\n<div class=\"wp-block-button is-style-primary\"><a class=\"wp-block-button__link\" href=\"https:\/\/www.lukutaidonensiapu.fi\/index.php\/sivut\/\">Lue lis\u00e4\u00e4!<\/a><\/div>\n<\/div>\n\n\n\n<div style=\"height:80px\" aria-hidden=\"true\" class=\"wp-block-spacer\"><\/div>\n\n\n\n<div style=\"height:80px\" aria-hidden=\"true\" class=\"wp-block-spacer\"><\/div>\n<\/div><\/div>\n\n\n\n<div style=\"height:73px\" aria-hidden=\"true\" class=\"wp-block-spacer\"><\/div>\n\n\n\n<h2 class=\"has-x-large-font-size wp-block-heading\"><strong>Lukutaidon ensiapu -mist\u00e4 on kyse?<\/strong><\/h2>\n\n\n\n<p class=\"has-medium-font-size\">Lukutaidon ensiapu on Nurmij\u00e4rven kirjaston ja&nbsp;Keudan&nbsp;Nurmij\u00e4rven yksik\u00f6n yhteishanke, joka on suunnattu&nbsp;Keudan&nbsp;opiskelijoille.&nbsp;&nbsp;Aluehallintovirasto my\u00f6nsi vuonna 2021 hankkeelle avustusta.&nbsp;&nbsp;<\/p>\n\n\n\n<p class=\"has-medium-font-size\">Hankkeen tarkoituksena on korostaa&nbsp;lukutaitoa koko el\u00e4m\u00e4n l\u00e4pi kest\u00e4v\u00e4n\u00e4 taitona. Keudassa&nbsp;j\u00e4rjestet\u00e4\u00e4n&nbsp;ty\u00f6pajoja, joissa&nbsp;eri alojen&nbsp;ammattilaiset yhdess\u00e4 kirjallisuuden asiantuntijoiden kanssa kertovat lukutaidon merkityksest\u00e4 omassa ty\u00f6ss\u00e4\u00e4n.&nbsp; Aihetta k\u00e4sitell\u00e4\u00e4n hyvin konkreettisesti ja k\u00e4yt\u00e4nn\u00f6nl\u00e4heisesti.&nbsp;&nbsp;<\/p>\n\n\n\n<p class=\"has-medium-font-size\">Lukutaidon ensiapupajojen lis\u00e4ksi hankkeen aikana suunnitellaan ja toteutetaan&nbsp;Keudan&nbsp;opiskelijoille r\u00e4\u00e4t\u00e4l\u00f6ity kirjastonk\u00e4yt\u00f6nopetus, joka on tarkoitus ottaa k\u00e4ytt\u00f6\u00f6n Nurmij\u00e4rven p\u00e4\u00e4kirjaston peruskorjatuissa tiloissa v. 2023 aikana.&nbsp;&nbsp;Hankkeessa hyv\u00e4ksi havaitut toimintamallit on tarkoitus ottaa k\u00e4ytt\u00f6\u00f6n&nbsp;Keudan&nbsp;\u00e4idinkielen- ja kirjastonk\u00e4yt\u00f6nopetuksessa.&nbsp;<\/p>\n\n\n\n<p><\/p>\n\n\n\n<h2 class=\"has-x-large-font-size wp-block-heading\">Sivut<\/h2>\n\n\n\n<div class=\"wp-block-columns is-layout-flex wp-container-5\">\n<div class=\"wp-block-column is-layout-flow\">\n<figure class=\"wp-block-image size-large\"><a href=\"https:\/\/www.lukutaidonensiapu.fi\/index.php\/sivut\/pajat\/\"><img decoding=\"async\" loading=\"lazy\" width=\"1024\" height=\"683\" src=\"https:\/\/www.lukutaidonensiapu.fi\/wp-content\/uploads\/2022\/03\/Pajat-1024x683.png\" alt=\"\" class=\"wp-image-329\" srcset=\"https:\/\/www.lukutaidonensiapu.fi\/wp-content\/uploads\/2022\/03\/Pajat-1024x683.png 1024w, https:\/\/www.lukutaidonensiapu.fi\/wp-content\/uploads\/2022\/03\/Pajat-300x200.png 300w, https:\/\/www.lukutaidonensiapu.fi\/wp-content\/uploads\/2022\/03\/Pajat-768x512.png 768w, https:\/\/www.lukutaidonensiapu.fi\/wp-content\/uploads\/2022\/03\/Pajat-930x620.png 930w, https:\/\/www.lukutaidonensiapu.fi\/wp-content\/uploads\/2022\/03\/Pajat.png 1080w\" sizes=\"(max-width: 1024px) 100vw, 1024px\" \/><\/a><\/figure>\n<\/div>\n\n\n\n<div class=\"wp-block-column is-layout-flow\">\n<figure class=\"wp-block-image size-large\"><a href=\"https:\/\/www.lukutaidonensiapu.fi\/index.php\/sivut\/kirjastonkaytonopetus\/\"><img decoding=\"async\" loading=\"lazy\" width=\"1024\" height=\"682\" src=\"https:\/\/www.lukutaidonensiapu.fi\/wp-content\/uploads\/2022\/03\/Kirjastonkaytonopetus-1024x682.png\" alt=\"\" class=\"wp-image-311\" srcset=\"https:\/\/www.lukutaidonensiapu.fi\/wp-content\/uploads\/2022\/03\/Kirjastonkaytonopetus-1024x682.png 1024w, https:\/\/www.lukutaidonensiapu.fi\/wp-content\/uploads\/2022\/03\/Kirjastonkaytonopetus-300x200.png 300w, https:\/\/www.lukutaidonensiapu.fi\/wp-content\/uploads\/2022\/03\/Kirjastonkaytonopetus-768x511.png 768w, https:\/\/www.lukutaidonensiapu.fi\/wp-content\/uploads\/2022\/03\/Kirjastonkaytonopetus-930x620.png 930w, https:\/\/www.lukutaidonensiapu.fi\/wp-content\/uploads\/2022\/03\/Kirjastonkaytonopetus.png 1080w\" sizes=\"(max-width: 1024px) 100vw, 1024px\" \/><\/a><\/figure>\n<\/div>\n\n\n\n<div class=\"wp-block-column is-layout-flow\">\n<figure class=\"wp-block-image size-large\"><a href=\"https:\/\/www.lukutaidonensiapu.fi\/index.php\/sivut\/lautapeli\/\"><img decoding=\"async\" loading=\"lazy\" width=\"1024\" height=\"682\" src=\"https:\/\/www.lukutaidonensiapu.fi\/wp-content\/uploads\/2022\/03\/Untitled-6-1024x682.png\" alt=\"\" class=\"wp-image-323\" srcset=\"https:\/\/www.lukutaidonensiapu.fi\/wp-content\/uploads\/2022\/03\/Untitled-6-1024x682.png 1024w, https:\/\/www.lukutaidonensiapu.fi\/wp-content\/uploads\/2022\/03\/Untitled-6-300x200.png 300w, https:\/\/www.lukutaidonensiapu.fi\/wp-content\/uploads\/2022\/03\/Untitled-6-768x511.png 768w, https:\/\/www.lukutaidonensiapu.fi\/wp-content\/uploads\/2022\/03\/Untitled-6-930x620.png 930w, https:\/\/www.lukutaidonensiapu.fi\/wp-content\/uploads\/2022\/03\/Untitled-6.png 1080w\" sizes=\"(max-width: 1024px) 100vw, 1024px\" \/><\/a><\/figure>\n<\/div>\n<\/div>\n\n\n\n<div style=\"height:40px\" aria-hidden=\"true\" class=\"wp-block-spacer\"><\/div>\n\n\n\n<hr class=\"wp-block-separator is-style-default\"\/>\n\n\n\n<h2 class=\"has-x-large-font-size wp-block-heading\">Uutta<\/h2>\n\n\n<ul class=\"wp-block-latest-posts__list is-grid columns-3 has-dates wp-block-latest-posts\"><li><a class=\"wp-block-latest-posts__post-title\" href=\"https:\/\/www.lukutaidonensiapu.fi\/index.php\/2023\/06\/28\/graffitityopaja\/\">Graffitity\u00f6paja<\/a><time datetime=\"2023-06-28T09:36:56+02:00\" class=\"wp-block-latest-posts__post-date\">28.6.2023<\/time><div class=\"wp-block-latest-posts__post-excerpt\">Graffititaiteilija- ja ohjaaja Emilio M\u00e4kip\u00e4\u00e4n (3feR) vet\u00e4m\u00e4 graffitipaja j\u00e4rjestettiin Nurmij\u00e4rven Keudassa toukokuussa 2023. Graffitipajan tavoite&hellip;&nbsp;<a href=\"https:\/\/www.lukutaidonensiapu.fi\/index.php\/2023\/06\/28\/graffitityopaja\/\" class=\"\" rel=\"bookmark\">Lue lis\u00e4\u00e4 &raquo;<span class=\"screen-reader-text\">Graffitity\u00f6paja<\/span><\/a><\/div><\/li>\n<li><a class=\"wp-block-latest-posts__post-title\" href=\"https:\/\/www.lukutaidonensiapu.fi\/index.php\/2023\/04\/06\/jaakko-saariluoman-stand-up-keikka\/\">Jaakko Saariluoman stand up -keikka<\/a><time datetime=\"2023-04-06T12:35:48+02:00\" class=\"wp-block-latest-posts__post-date\">6.4.2023<\/time><div class=\"wp-block-latest-posts__post-excerpt\">Yksi lukutaitohankkeen tavoitteista on parantaa opiskelijoiden kulttuurista hyvinvointia. Syksyll\u00e4 2022 opiskelijoilta kysyttiin, ett\u00e4 millainen kulttuuritapahtuma&hellip;&nbsp;<a href=\"https:\/\/www.lukutaidonensiapu.fi\/index.php\/2023\/04\/06\/jaakko-saariluoman-stand-up-keikka\/\" class=\"\" rel=\"bookmark\">Lue lis\u00e4\u00e4 &raquo;<span class=\"screen-reader-text\">Jaakko Saariluoman stand up -keikka<\/span><\/a><\/div><\/li>\n<li><a class=\"wp-block-latest-posts__post-title\" href=\"https:\/\/www.lukutaidonensiapu.fi\/index.php\/2022\/11\/24\/nurmijarven-spuget-tervetuloo-kesaa\/\">Nurmij\u00e4rven spuget &#038; Tervetuloo kes\u00e4\u00e4<\/a><time datetime=\"2022-11-24T08:18:41+02:00\" class=\"wp-block-latest-posts__post-date\">24.11.2022<\/time><div class=\"wp-block-latest-posts__post-excerpt\">Nurmij\u00e4rven spuget on s\u00e4hk\u00f6alan opiskelijoiden sanoittama ja esitt\u00e4m\u00e4 biisi. Biisi valmistui lukutaidon ensiapupajassa Aleksis Salusj\u00e4rven&hellip;&nbsp;<a href=\"https:\/\/www.lukutaidonensiapu.fi\/index.php\/2022\/11\/24\/nurmijarven-spuget-tervetuloo-kesaa\/\" class=\"\" rel=\"bookmark\">Lue lis\u00e4\u00e4 &raquo;<span class=\"screen-reader-text\">Nurmij\u00e4rven spuget &#038; Tervetuloo kes\u00e4\u00e4<\/span><\/a><\/div><\/li>\n<\/ul>\n\n\n<div style=\"height:30px\" aria-hidden=\"true\" class=\"wp-block-spacer\"><\/div>\n\n\n\n<div style=\"height:30px\" aria-hidden=\"true\" class=\"wp-block-spacer\"><\/div>\n\n\n\n<div style=\"height:100px\" aria-hidden=\"true\" class=\"wp-block-spacer\"><\/div>\n","protected":false},"excerpt":{"rendered":"<p>Lukutaidon ensiapu -mist\u00e4 on kyse? Lukutaidon ensiapu on Nurmij\u00e4rven kirjaston ja&nbsp;Keudan&nbsp;Nurmij\u00e4rven yksik\u00f6n yhteishanke, joka on suunnattu&nbsp;Keudan&nbsp;opiskelijoille.&nbsp;&nbsp;Aluehallintovirasto my\u00f6nsi vuonna 2021 hankkeelle avustusta.&nbsp;&nbsp; Hankkeen tarkoituksena on korostaa&nbsp;lukutaitoa koko el\u00e4m\u00e4n l\u00e4pi kest\u00e4v\u00e4n\u00e4 taitona. Keudassa&nbsp;j\u00e4rjestet\u00e4\u00e4n&nbsp;ty\u00f6pajoja, joissa&nbsp;eri alojen&nbsp;ammattilaiset yhdess\u00e4 kirjallisuuden asiantuntijoiden kanssa kertovat lukutaidon merkityksest\u00e4 omassa ty\u00f6ss\u00e4\u00e4n.&nbsp; Aihetta k\u00e4sitell\u00e4\u00e4n hyvin konkreettisesti ja k\u00e4yt\u00e4nn\u00f6nl\u00e4heisesti.&nbsp;&nbsp; Lukutaidon ensiapupajojen lis\u00e4ksi hankkeen aikana suunnitellaan ja&hellip;&nbsp;<a href=\"https:\/\/www.lukutaidonensiapu.fi\/\" class=\"\" rel=\"bookmark\">Lue lis\u00e4\u00e4 &raquo;<span class=\"screen-reader-text\">Etusivu<\/span><\/a><\/p>\n","protected":false},"author":1,"featured_media":0,"parent":0,"menu_order":0,"comment_status":"closed","ping_status":"closed","template":"","meta":{"neve_meta_sidebar":"","neve_meta_container":"","neve_meta_enable_content_width":"on","neve_meta_content_width":100,"neve_meta_title_alignment":"","neve_meta_author_avatar":"","neve_post_elements_order":"","neve_meta_disable_header":"","neve_meta_disable_footer":"","neve_meta_disable_title":"on"},"_links":{"self":[{"href":"https:\/\/www.lukutaidonensiapu.fi\/index.php\/wp-json\/wp\/v2\/pages\/7"}],"collection":[{"href":"https:\/\/www.lukutaidonensiapu.fi\/index.php\/wp-json\/wp\/v2\/pages"}],"about":[{"href":"https:\/\/www.lukutaidonensiapu.fi\/index.php\/wp-json\/wp\/v2\/types\/page"}],"author":[{"embeddable":true,"href":"https:\/\/www.lukutaidonensiapu.fi\/index.php\/wp-json\/wp\/v2\/users\/1"}],"replies":[{"embeddable":true,"href":"https:\/\/www.lukutaidonensiapu.fi\/index.php\/wp-json\/wp\/v2\/comments?post=7"}],"version-history":[{"count":48,"href":"https:\/\/www.lukutaidonensiapu.fi\/index.php\/wp-json\/wp\/v2\/pages\/7\/revisions"}],"predecessor-version":[{"id":355,"href":"https:\/\/www.lukutaidonensiapu.fi\/index.php\/wp-json\/wp\/v2\/pages\/7\/revisions\/355"}],"wp:attachment":[{"href":"https:\/\/www.lukutaidonensiapu.fi\/index.php\/wp-json\/wp\/v2\/media?parent=7"}],"curies":[{"name":"wp","href":"https:\/\/api.w.org\/{rel}","templated":true}]}}