{"id":193,"date":"2022-03-18T09:11:08","date_gmt":"2022-03-18T07:11:08","guid":{"rendered":"http:\/\/www.lukutaidonensiapu.fi\/?page_id=193"},"modified":"2022-05-16T11:41:29","modified_gmt":"2022-05-16T09:41:29","slug":"lautapeli","status":"publish","type":"page","link":"https:\/\/www.lukutaidonensiapu.fi\/index.php\/sivut\/lautapeli\/","title":{"rendered":"Lost in Nurmij\u00e4rvi -lautapeli"},"content":{"rendered":"\n<h3 class=\"has-medium-font-size wp-block-heading\"><strong>Pelilukutaitoa&nbsp;ja paikallistuntemusta&nbsp;lautapelaten<\/strong><\/h3>\n\n\n\n<p>Pelaaminen edist\u00e4\u00e4 tiedonhankkimis- ja k\u00e4sittelytaitoja sek\u00e4 luetunymm\u00e4rt\u00e4mist\u00e4. Pelin tarina puolestaan avartaa k\u00e4sityst\u00e4 oman asuinalueen paikallishistoriasta. Nurmij\u00e4rven paikallishistorian tapahtumista ammentava lautapeli on suunniteltu ammattiin opiskeleville ja sit\u00e4 voidaan k\u00e4ytt\u00e4\u00e4 osana \u00e4idinkielenopetusta. Lautapeli\u00e4 suunnittelevat pitk\u00e4n linjan lautapeliharrastajat Jani&nbsp;Svesk&nbsp;ja Miikka Mononen.&nbsp;&nbsp;Pelihahmot on piirt\u00e4nyt Keudan opiskelija Pihla Puhto.  <\/p>\n\n\n\n<p class=\"has-medium-font-size\"><strong>Peliss\u00e4 tavataan muun muassa heid\u00e4t:<\/strong><\/p>\n\n\n\n<figure class=\"wp-block-gallery has-nested-images columns-default is-cropped wp-block-gallery-1 is-layout-flex\">\n<figure class=\"wp-block-image size-large\"><img decoding=\"async\" loading=\"lazy\" width=\"683\" height=\"1024\" data-id=\"455\"  src=\"https:\/\/www.lukutaidonensiapu.fi\/wp-content\/uploads\/2022\/05\/yin-683x1024.png\" alt=\"\" class=\"wp-image-455\" srcset=\"https:\/\/www.lukutaidonensiapu.fi\/wp-content\/uploads\/2022\/05\/yin-683x1024.png 683w, https:\/\/www.lukutaidonensiapu.fi\/wp-content\/uploads\/2022\/05\/yin-200x300.png 200w, https:\/\/www.lukutaidonensiapu.fi\/wp-content\/uploads\/2022\/05\/yin-768x1152.png 768w, https:\/\/www.lukutaidonensiapu.fi\/wp-content\/uploads\/2022\/05\/yin-1024x1536.png 1024w, https:\/\/www.lukutaidonensiapu.fi\/wp-content\/uploads\/2022\/05\/yin-1365x2048.png 1365w, https:\/\/www.lukutaidonensiapu.fi\/wp-content\/uploads\/2022\/05\/yin.png 1456w\" sizes=\"(max-width: 683px) 100vw, 683px\" \/><figcaption>Yin<\/figcaption><\/figure>\n\n\n\n<figure class=\"wp-block-image size-large\"><img decoding=\"async\" loading=\"lazy\" width=\"683\" height=\"1024\" data-id=\"457\"  src=\"https:\/\/www.lukutaidonensiapu.fi\/wp-content\/uploads\/2022\/05\/tuisku-683x1024.png\" alt=\"\" class=\"wp-image-457\" srcset=\"https:\/\/www.lukutaidonensiapu.fi\/wp-content\/uploads\/2022\/05\/tuisku-683x1024.png 683w, https:\/\/www.lukutaidonensiapu.fi\/wp-content\/uploads\/2022\/05\/tuisku-200x300.png 200w, https:\/\/www.lukutaidonensiapu.fi\/wp-content\/uploads\/2022\/05\/tuisku-768x1152.png 768w, https:\/\/www.lukutaidonensiapu.fi\/wp-content\/uploads\/2022\/05\/tuisku-1024x1536.png 1024w, https:\/\/www.lukutaidonensiapu.fi\/wp-content\/uploads\/2022\/05\/tuisku-1365x2048.png 1365w, https:\/\/www.lukutaidonensiapu.fi\/wp-content\/uploads\/2022\/05\/tuisku.png 1382w\" sizes=\"(max-width: 683px) 100vw, 683px\" \/><figcaption>Tuisku<\/figcaption><\/figure>\n\n\n\n<figure class=\"wp-block-image size-large\"><img decoding=\"async\" loading=\"lazy\" width=\"683\" height=\"1024\" data-id=\"458\"  src=\"https:\/\/www.lukutaidonensiapu.fi\/wp-content\/uploads\/2022\/05\/sirius-683x1024.png\" alt=\"\" class=\"wp-image-458\" srcset=\"https:\/\/www.lukutaidonensiapu.fi\/wp-content\/uploads\/2022\/05\/sirius-683x1024.png 683w, https:\/\/www.lukutaidonensiapu.fi\/wp-content\/uploads\/2022\/05\/sirius-200x300.png 200w, https:\/\/www.lukutaidonensiapu.fi\/wp-content\/uploads\/2022\/05\/sirius-768x1152.png 768w, https:\/\/www.lukutaidonensiapu.fi\/wp-content\/uploads\/2022\/05\/sirius-1024x1536.png 1024w, https:\/\/www.lukutaidonensiapu.fi\/wp-content\/uploads\/2022\/05\/sirius-1366x2048.png 1366w, https:\/\/www.lukutaidonensiapu.fi\/wp-content\/uploads\/2022\/05\/sirius.png 1395w\" sizes=\"(max-width: 683px) 100vw, 683px\" \/><figcaption>Sirius<\/figcaption><\/figure>\n\n\n\n<figure class=\"wp-block-image size-large\"><img decoding=\"async\" loading=\"lazy\" width=\"683\" height=\"1024\" data-id=\"456\"  src=\"https:\/\/www.lukutaidonensiapu.fi\/wp-content\/uploads\/2022\/05\/robin-683x1024.png\" alt=\"\" class=\"wp-image-456\" srcset=\"https:\/\/www.lukutaidonensiapu.fi\/wp-content\/uploads\/2022\/05\/robin-683x1024.png 683w, https:\/\/www.lukutaidonensiapu.fi\/wp-content\/uploads\/2022\/05\/robin-200x300.png 200w, https:\/\/www.lukutaidonensiapu.fi\/wp-content\/uploads\/2022\/05\/robin-768x1151.png 768w, https:\/\/www.lukutaidonensiapu.fi\/wp-content\/uploads\/2022\/05\/robin-1025x1536.png 1025w, https:\/\/www.lukutaidonensiapu.fi\/wp-content\/uploads\/2022\/05\/robin-1366x2048.png 1366w, https:\/\/www.lukutaidonensiapu.fi\/wp-content\/uploads\/2022\/05\/robin.png 1371w\" sizes=\"(max-width: 683px) 100vw, 683px\" \/><figcaption>Robin<\/figcaption><\/figure>\n\n\n\n<figure class=\"wp-block-image size-large\"><img decoding=\"async\" loading=\"lazy\" width=\"683\" height=\"1024\" data-id=\"460\"  src=\"https:\/\/www.lukutaidonensiapu.fi\/wp-content\/uploads\/2022\/05\/farah-1-1-683x1024.png\" alt=\"\" class=\"wp-image-460\" srcset=\"https:\/\/www.lukutaidonensiapu.fi\/wp-content\/uploads\/2022\/05\/farah-1-1-683x1024.png 683w, https:\/\/www.lukutaidonensiapu.fi\/wp-content\/uploads\/2022\/05\/farah-1-1-200x300.png 200w, https:\/\/www.lukutaidonensiapu.fi\/wp-content\/uploads\/2022\/05\/farah-1-1-768x1152.png 768w, https:\/\/www.lukutaidonensiapu.fi\/wp-content\/uploads\/2022\/05\/farah-1-1-1024x1536.png 1024w, https:\/\/www.lukutaidonensiapu.fi\/wp-content\/uploads\/2022\/05\/farah-1-1-1365x2048.png 1365w, https:\/\/www.lukutaidonensiapu.fi\/wp-content\/uploads\/2022\/05\/farah-1-1.png 1442w\" sizes=\"(max-width: 683px) 100vw, 683px\" \/><figcaption>Farah<\/figcaption><\/figure>\n\n\n\n<figure class=\"wp-block-image size-large\"><img decoding=\"async\" loading=\"lazy\" width=\"683\" height=\"1024\" data-id=\"459\"  src=\"https:\/\/www.lukutaidonensiapu.fi\/wp-content\/uploads\/2022\/05\/kataja-1-1-683x1024.png\" alt=\"\" class=\"wp-image-459\" srcset=\"https:\/\/www.lukutaidonensiapu.fi\/wp-content\/uploads\/2022\/05\/kataja-1-1-683x1024.png 683w, https:\/\/www.lukutaidonensiapu.fi\/wp-content\/uploads\/2022\/05\/kataja-1-1-200x300.png 200w, https:\/\/www.lukutaidonensiapu.fi\/wp-content\/uploads\/2022\/05\/kataja-1-1-768x1151.png 768w, https:\/\/www.lukutaidonensiapu.fi\/wp-content\/uploads\/2022\/05\/kataja-1-1-1024x1536.png 1024w, https:\/\/www.lukutaidonensiapu.fi\/wp-content\/uploads\/2022\/05\/kataja-1-1-1366x2048.png 1366w, https:\/\/www.lukutaidonensiapu.fi\/wp-content\/uploads\/2022\/05\/kataja-1-1.png 1460w\" sizes=\"(max-width: 683px) 100vw, 683px\" \/><figcaption>Kataja<\/figcaption><\/figure>\n<\/figure>\n","protected":false},"excerpt":{"rendered":"<p>Pelilukutaitoa&nbsp;ja paikallistuntemusta&nbsp;lautapelaten Pelaaminen edist\u00e4\u00e4 tiedonhankkimis- ja k\u00e4sittelytaitoja sek\u00e4 luetunymm\u00e4rt\u00e4mist\u00e4. Pelin tarina puolestaan avartaa k\u00e4sityst\u00e4 oman asuinalueen paikallishistoriasta. Nurmij\u00e4rven paikallishistorian tapahtumista ammentava lautapeli on suunniteltu ammattiin opiskeleville ja sit\u00e4 voidaan k\u00e4ytt\u00e4\u00e4 osana \u00e4idinkielenopetusta. Lautapeli\u00e4 suunnittelevat pitk\u00e4n linjan lautapeliharrastajat Jani&nbsp;Svesk&nbsp;ja Miikka Mononen.&nbsp;&nbsp;Pelihahmot on piirt\u00e4nyt Keudan opiskelija Pihla Puhto. Peliss\u00e4 tavataan muun muassa heid\u00e4t:<\/p>\n","protected":false},"author":1,"featured_media":0,"parent":187,"menu_order":3,"comment_status":"closed","ping_status":"closed","template":"","meta":{"neve_meta_sidebar":"","neve_meta_container":"","neve_meta_enable_content_width":"","neve_meta_content_width":0,"neve_meta_title_alignment":"","neve_meta_author_avatar":"","neve_post_elements_order":"","neve_meta_disable_header":"","neve_meta_disable_footer":"","neve_meta_disable_title":""},"_links":{"self":[{"href":"https:\/\/www.lukutaidonensiapu.fi\/index.php\/wp-json\/wp\/v2\/pages\/193"}],"collection":[{"href":"https:\/\/www.lukutaidonensiapu.fi\/index.php\/wp-json\/wp\/v2\/pages"}],"about":[{"href":"https:\/\/www.lukutaidonensiapu.fi\/index.php\/wp-json\/wp\/v2\/types\/page"}],"author":[{"embeddable":true,"href":"https:\/\/www.lukutaidonensiapu.fi\/index.php\/wp-json\/wp\/v2\/users\/1"}],"replies":[{"embeddable":true,"href":"https:\/\/www.lukutaidonensiapu.fi\/index.php\/wp-json\/wp\/v2\/comments?post=193"}],"version-history":[{"count":7,"href":"https:\/\/www.lukutaidonensiapu.fi\/index.php\/wp-json\/wp\/v2\/pages\/193\/revisions"}],"predecessor-version":[{"id":488,"href":"https:\/\/www.lukutaidonensiapu.fi\/index.php\/wp-json\/wp\/v2\/pages\/193\/revisions\/488"}],"up":[{"embeddable":true,"href":"https:\/\/www.lukutaidonensiapu.fi\/index.php\/wp-json\/wp\/v2\/pages\/187"}],"wp:attachment":[{"href":"https:\/\/www.lukutaidonensiapu.fi\/index.php\/wp-json\/wp\/v2\/media?parent=193"}],"curies":[{"name":"wp","href":"https:\/\/api.w.org\/{rel}","templated":true}]}}