{"id":189,"date":"2022-03-18T09:10:01","date_gmt":"2022-03-18T07:10:01","guid":{"rendered":"http:\/\/www.lukutaidonensiapu.fi\/?page_id=189"},"modified":"2022-05-16T06:46:48","modified_gmt":"2022-05-16T04:46:48","slug":"pajat","status":"publish","type":"page","link":"https:\/\/www.lukutaidonensiapu.fi\/index.php\/sivut\/pajat\/","title":{"rendered":"Lukutaidon ensiapupajat"},"content":{"rendered":"\n<h3 class=\"wp-block-heading\"><strong>Lukutaidon ensiapupajat:&nbsp;Lukutaito on eloonj\u00e4\u00e4mistaito<\/strong><\/h3>\n\n\n\n<p class=\"has-medium-font-size\">Lukutaito on&nbsp;kyky omaksua tietoa, hallita tilannetta&nbsp;ja toimia sen mukaisesti.&nbsp;Ihmisen&nbsp;keinot&nbsp;toimia liikenteess\u00e4 turvallisesti&nbsp;riippuvat&nbsp;h\u00e4nen kyvyst\u00e4\u00e4n&nbsp;lukea&nbsp;ymp\u00e4rist\u00f6\u00e4,&nbsp;liikennemerkkej\u00e4&nbsp;ja&nbsp;muita&nbsp;tien k\u00e4ytt\u00e4ji\u00e4.&nbsp;Ihmisen&nbsp;mahdollisuus&nbsp;olla osa yhteiskuntaa on sidoksissa lukutaitoon ja kykyyn tulla ymm\u00e4rretyksi.&nbsp;Lukutaidottomuus&nbsp;voi&nbsp;pahimmillaan&nbsp;asettaa ihmisen hengenvaaraan&nbsp;ja&nbsp;sen vuoksi&nbsp;lukutaito on ensisijaisesti taito selviyty\u00e4.&nbsp;&nbsp;<\/p>\n\n\n\n<p class=\"has-medium-font-size\">Mit\u00e4 tapahtuu ihmiselle, joka ei saa \u00e4\u00e4nt\u00e4\u00e4n kuuluviin? Mik\u00e4 yhdist\u00e4\u00e4 ihmisi\u00e4, jotka ovat p\u00e4\u00e4tyneet vankiloihin tai kaduille? Miten lukutaito auttaa poliisia ty\u00f6ss\u00e4\u00e4n?&nbsp;Miten voi saada \u00e4\u00e4nens\u00e4 kuuluviin? N\u00e4it\u00e4 kysymyksi\u00e4 ja paljon muuta pohditaan lukutaidon&nbsp;ensiapupajoissa.&nbsp;&nbsp;<\/p>\n\n\n\n<p class=\"has-medium-font-size\">Sanataideohjaaja, kirjallisuuskriitikko Aleksis\u00a0Salusj\u00e4rvi\u00a0ja Nurmij\u00e4rven\u00a0Keudan\u00a0\u00e4idinkielenopettaja Anna Mattila ovat suunnitelleet ja toteuttaneet ty\u00f6pajat yhdess\u00e4 eri alojen ammattilaisten kanssa.\u00a0\u00a0\u00a0\u00a0<\/p>\n\n\n\n<figure class=\"wp-block-gallery has-nested-images columns-default is-cropped wp-block-gallery-1 is-layout-flex\">\n<figure class=\"wp-block-image size-large\"><img decoding=\"async\" loading=\"lazy\" width=\"768\" height=\"1024\" data-id=\"420\"  src=\"https:\/\/www.lukutaidonensiapu.fi\/wp-content\/uploads\/2022\/04\/IMG_1929-1-768x1024.jpg\" alt=\"\" class=\"wp-image-420\" srcset=\"https:\/\/www.lukutaidonensiapu.fi\/wp-content\/uploads\/2022\/04\/IMG_1929-1-768x1024.jpg 768w, https:\/\/www.lukutaidonensiapu.fi\/wp-content\/uploads\/2022\/04\/IMG_1929-1-225x300.jpg 225w, https:\/\/www.lukutaidonensiapu.fi\/wp-content\/uploads\/2022\/04\/IMG_1929-1-1152x1536.jpg 1152w, https:\/\/www.lukutaidonensiapu.fi\/wp-content\/uploads\/2022\/04\/IMG_1929-1-1536x2048.jpg 1536w, https:\/\/www.lukutaidonensiapu.fi\/wp-content\/uploads\/2022\/04\/IMG_1929-1-scaled.jpg 1920w\" sizes=\"(max-width: 768px) 100vw, 768px\" \/><\/figure>\n\n\n\n<figure class=\"wp-block-image size-large\"><img decoding=\"async\" loading=\"lazy\" width=\"1920\" height=\"1080\" data-id=\"418\"  src=\"https:\/\/www.lukutaidonensiapu.fi\/wp-content\/uploads\/2022\/04\/Nimeton-suunn.malli_-1.jpg\" alt=\"\" class=\"wp-image-418\" srcset=\"https:\/\/www.lukutaidonensiapu.fi\/wp-content\/uploads\/2022\/04\/Nimeton-suunn.malli_-1.jpg 1920w, https:\/\/www.lukutaidonensiapu.fi\/wp-content\/uploads\/2022\/04\/Nimeton-suunn.malli_-1-300x169.jpg 300w, https:\/\/www.lukutaidonensiapu.fi\/wp-content\/uploads\/2022\/04\/Nimeton-suunn.malli_-1-1024x576.jpg 1024w, https:\/\/www.lukutaidonensiapu.fi\/wp-content\/uploads\/2022\/04\/Nimeton-suunn.malli_-1-768x432.jpg 768w, https:\/\/www.lukutaidonensiapu.fi\/wp-content\/uploads\/2022\/04\/Nimeton-suunn.malli_-1-1536x864.jpg 1536w\" sizes=\"(max-width: 1920px) 100vw, 1920px\" \/><\/figure>\n\n\n\n<figure class=\"wp-block-image size-large\"><img decoding=\"async\" loading=\"lazy\" width=\"1523\" height=\"1535\" data-id=\"386\"  src=\"https:\/\/www.lukutaidonensiapu.fi\/wp-content\/uploads\/2022\/04\/rap-paja-3uusi-1.png\" alt=\"\" class=\"wp-image-386\" srcset=\"https:\/\/www.lukutaidonensiapu.fi\/wp-content\/uploads\/2022\/04\/rap-paja-3uusi-1.png 1523w, https:\/\/www.lukutaidonensiapu.fi\/wp-content\/uploads\/2022\/04\/rap-paja-3uusi-1-298x300.png 298w, https:\/\/www.lukutaidonensiapu.fi\/wp-content\/uploads\/2022\/04\/rap-paja-3uusi-1-1016x1024.png 1016w, https:\/\/www.lukutaidonensiapu.fi\/wp-content\/uploads\/2022\/04\/rap-paja-3uusi-1-150x150.png 150w, https:\/\/www.lukutaidonensiapu.fi\/wp-content\/uploads\/2022\/04\/rap-paja-3uusi-1-768x774.png 768w\" sizes=\"(max-width: 1523px) 100vw, 1523px\" \/><\/figure>\n<\/figure>\n","protected":false},"excerpt":{"rendered":"<p>Lukutaidon ensiapupajat:&nbsp;Lukutaito on eloonj\u00e4\u00e4mistaito Lukutaito on&nbsp;kyky omaksua tietoa, hallita tilannetta&nbsp;ja toimia sen mukaisesti.&nbsp;Ihmisen&nbsp;keinot&nbsp;toimia liikenteess\u00e4 turvallisesti&nbsp;riippuvat&nbsp;h\u00e4nen kyvyst\u00e4\u00e4n&nbsp;lukea&nbsp;ymp\u00e4rist\u00f6\u00e4,&nbsp;liikennemerkkej\u00e4&nbsp;ja&nbsp;muita&nbsp;tien k\u00e4ytt\u00e4ji\u00e4.&nbsp;Ihmisen&nbsp;mahdollisuus&nbsp;olla osa yhteiskuntaa on sidoksissa lukutaitoon ja kykyyn tulla ymm\u00e4rretyksi.&nbsp;Lukutaidottomuus&nbsp;voi&nbsp;pahimmillaan&nbsp;asettaa ihmisen hengenvaaraan&nbsp;ja&nbsp;sen vuoksi&nbsp;lukutaito on ensisijaisesti taito selviyty\u00e4.&nbsp;&nbsp; Mit\u00e4 tapahtuu ihmiselle, joka ei saa \u00e4\u00e4nt\u00e4\u00e4n kuuluviin? Mik\u00e4 yhdist\u00e4\u00e4 ihmisi\u00e4, jotka ovat p\u00e4\u00e4tyneet vankiloihin tai kaduille? Miten lukutaito auttaa poliisia ty\u00f6ss\u00e4\u00e4n?&nbsp;Miten&hellip;&nbsp;<a href=\"https:\/\/www.lukutaidonensiapu.fi\/index.php\/sivut\/pajat\/\" class=\"\" rel=\"bookmark\">Lue lis\u00e4\u00e4 &raquo;<span class=\"screen-reader-text\">Lukutaidon ensiapupajat<\/span><\/a><\/p>\n","protected":false},"author":1,"featured_media":0,"parent":187,"menu_order":1,"comment_status":"closed","ping_status":"closed","template":"","meta":{"neve_meta_sidebar":"","neve_meta_container":"","neve_meta_enable_content_width":"","neve_meta_content_width":0,"neve_meta_title_alignment":"","neve_meta_author_avatar":"","neve_post_elements_order":"","neve_meta_disable_header":"","neve_meta_disable_footer":"","neve_meta_disable_title":""},"_links":{"self":[{"href":"https:\/\/www.lukutaidonensiapu.fi\/index.php\/wp-json\/wp\/v2\/pages\/189"}],"collection":[{"href":"https:\/\/www.lukutaidonensiapu.fi\/index.php\/wp-json\/wp\/v2\/pages"}],"about":[{"href":"https:\/\/www.lukutaidonensiapu.fi\/index.php\/wp-json\/wp\/v2\/types\/page"}],"author":[{"embeddable":true,"href":"https:\/\/www.lukutaidonensiapu.fi\/index.php\/wp-json\/wp\/v2\/users\/1"}],"replies":[{"embeddable":true,"href":"https:\/\/www.lukutaidonensiapu.fi\/index.php\/wp-json\/wp\/v2\/comments?post=189"}],"version-history":[{"count":5,"href":"https:\/\/www.lukutaidonensiapu.fi\/index.php\/wp-json\/wp\/v2\/pages\/189\/revisions"}],"predecessor-version":[{"id":487,"href":"https:\/\/www.lukutaidonensiapu.fi\/index.php\/wp-json\/wp\/v2\/pages\/189\/revisions\/487"}],"up":[{"embeddable":true,"href":"https:\/\/www.lukutaidonensiapu.fi\/index.php\/wp-json\/wp\/v2\/pages\/187"}],"wp:attachment":[{"href":"https:\/\/www.lukutaidonensiapu.fi\/index.php\/wp-json\/wp\/v2\/media?parent=189"}],"curies":[{"name":"wp","href":"https:\/\/api.w.org\/{rel}","templated":true}]}}